{"id":84,"date":"2021-06-16T17:34:29","date_gmt":"2021-06-16T17:34:29","guid":{"rendered":"https:\/\/gruposicctop.com\/?page_id=84"},"modified":"2021-07-02T23:46:59","modified_gmt":"2021-07-02T23:46:59","slug":"gestion","status":"publish","type":"page","link":"https:\/\/gruposicctop.com\/index.php\/gestion\/","title":{"rendered":"Gesti\u00f3n &#038; Control"},"content":{"rendered":"\n<div class=\"wp-block-media-text is-stacked-on-mobile is-image-fill\"><figure class=\"wp-block-media-text__media\" style=\"background-image:url(https:\/\/gruposicctop.com\/wp-content\/uploads\/2021\/06\/organization-2478211_1920-1024x768.jpg);background-position:50% 50%\"><img loading=\"lazy\" decoding=\"async\" width=\"1024\" height=\"768\" src=\"https:\/\/gruposicctop.com\/wp-content\/uploads\/2021\/06\/organization-2478211_1920-1024x768.jpg\" alt=\"\" class=\"wp-image-132 size-full\" srcset=\"https:\/\/gruposicctop.com\/wp-content\/uploads\/2021\/06\/organization-2478211_1920-1024x768.jpg 1024w, https:\/\/gruposicctop.com\/wp-content\/uploads\/2021\/06\/organization-2478211_1920-300x225.jpg 300w, https:\/\/gruposicctop.com\/wp-content\/uploads\/2021\/06\/organization-2478211_1920-768x576.jpg 768w, https:\/\/gruposicctop.com\/wp-content\/uploads\/2021\/06\/organization-2478211_1920-1536x1152.jpg 1536w, https:\/\/gruposicctop.com\/wp-content\/uploads\/2021\/06\/organization-2478211_1920.jpg 1920w\" sizes=\"auto, (max-width: 1024px) 100vw, 1024px\" \/><\/figure><div class=\"wp-block-media-text__content\">\n<p class=\"has-normal-font-size\">Entendemos que cada proyecto es \u00fanico. La eficiencia operativa, la seguridad y la optimizaci\u00f3n de costos son fundamentales para el \u00e9xito de cualquier plan indispensable. Nuestro equipo multidisciplinario, emplea un enfoque estrat\u00e9gico en gesti\u00f3n de proyectos, con m\u00e9todos y herramientas implementados en las pr\u00e1cticas desde la oficina. Nuestro trabajo inicia con una comprensi\u00f3n de los objetivos de nuestros clientes, para elaborar un plan de trabajos detallados y documentando el alcance del proyecto acordado, esto logra facilitar una gesti\u00f3n eficaz en cuanto a cambios de alcance y el seguimiento en el progreso del proyecto.<\/p>\n<\/div><\/div>\n\n\n\n<hr class=\"wp-block-separator has-text-color has-background has-vivid-cyan-blue-background-color has-vivid-cyan-blue-color is-style-wide\"\/>\n\n\n\n<p><strong>Nuestros alcances son los siguientes:<\/strong><\/p>\n\n\n\n<ul class=\"wp-block-list\"><li>Auditor\u00edas de proyectos.<\/li><li>Asesoramiento en obra nueva.<\/li><li>An\u00e1lisis de oferentes.<\/li><li>Armado de alcances t\u00e9cnicos.<\/li><li>Elaboraci\u00f3n de Cartas Gantt<\/li><li>Seguimientos y control de proyectos.<\/li><li>Planes de remediaciones.<\/li><li>Representaci\u00f3n t\u00e9cnica ante autoridades.<\/li><\/ul>\n","protected":false},"excerpt":{"rendered":"<p>Entendemos que cada proyecto es \u00fanico. La eficiencia operativa, la seguridad y la optimizaci\u00f3n de costos son fundamentales para el \u00e9xito de cualquier plan indispensable. Nuestro equipo multidisciplinario, emplea un enfoque estrat\u00e9gico en gesti\u00f3n de proyectos, con m\u00e9todos y herramientas implementados en las pr\u00e1cticas desde la oficina. Nuestro trabajo inicia con una comprensi\u00f3n de los &#8230; <a href=\"https:\/\/gruposicctop.com\/index.php\/gestion\/\" class=\"more-link\">Read More<span class=\"screen-reader-text\"> &#8220;Gesti\u00f3n &#038; Control&#8221;<\/span> &raquo;<\/a><\/p>\n","protected":false},"author":1,"featured_media":0,"parent":0,"menu_order":0,"comment_status":"closed","ping_status":"closed","template":"","meta":{"_monsterinsights_skip_tracking":false,"_monsterinsights_sitenote_active":false,"_monsterinsights_sitenote_note":"","_monsterinsights_sitenote_category":0,"footnotes":""},"class_list":["post-84","page","type-page","status-publish","hentry"],"aioseo_notices":[],"_links":{"self":[{"href":"https:\/\/gruposicctop.com\/index.php\/wp-json\/wp\/v2\/pages\/84","targetHints":{"allow":["GET"]}}],"collection":[{"href":"https:\/\/gruposicctop.com\/index.php\/wp-json\/wp\/v2\/pages"}],"about":[{"href":"https:\/\/gruposicctop.com\/index.php\/wp-json\/wp\/v2\/types\/page"}],"author":[{"embeddable":true,"href":"https:\/\/gruposicctop.com\/index.php\/wp-json\/wp\/v2\/users\/1"}],"replies":[{"embeddable":true,"href":"https:\/\/gruposicctop.com\/index.php\/wp-json\/wp\/v2\/comments?post=84"}],"version-history":[{"count":5,"href":"https:\/\/gruposicctop.com\/index.php\/wp-json\/wp\/v2\/pages\/84\/revisions"}],"predecessor-version":[{"id":281,"href":"https:\/\/gruposicctop.com\/index.php\/wp-json\/wp\/v2\/pages\/84\/revisions\/281"}],"wp:attachment":[{"href":"https:\/\/gruposicctop.com\/index.php\/wp-json\/wp\/v2\/media?parent=84"}],"curies":[{"name":"wp","href":"https:\/\/api.w.org\/{rel}","templated":true}]}}