{"id":81,"date":"2021-06-16T15:01:07","date_gmt":"2021-06-16T15:01:07","guid":{"rendered":"https:\/\/gruposicctop.com\/?page_id=81"},"modified":"2021-07-02T23:41:16","modified_gmt":"2021-07-02T23:41:16","slug":"ingenieria","status":"publish","type":"page","link":"https:\/\/gruposicctop.com\/index.php\/ingenieria\/","title":{"rendered":"Ingenier\u00eda &#038; Proyectos"},"content":{"rendered":"\n<h2 class=\"wp-block-heading\">Innovaci\u00f3n, desarrollo y mejoras.<\/h2>\n\n\n\n<div class=\"wp-block-media-text has-media-on-the-right is-stacked-on-mobile is-vertically-aligned-top is-image-fill\"><figure class=\"wp-block-media-text__media\" style=\"background-image:url(https:\/\/gruposicctop.com\/wp-content\/uploads\/2021\/06\/business-meeting-in-office-for-team-1-1024x683.jpg);background-position:50% 50%\"><img loading=\"lazy\" decoding=\"async\" width=\"1024\" height=\"683\" src=\"https:\/\/gruposicctop.com\/wp-content\/uploads\/2021\/06\/business-meeting-in-office-for-team-1-1024x683.jpg\" alt=\"\" class=\"wp-image-145 size-full\" srcset=\"https:\/\/gruposicctop.com\/wp-content\/uploads\/2021\/06\/business-meeting-in-office-for-team-1-1024x683.jpg 1024w, https:\/\/gruposicctop.com\/wp-content\/uploads\/2021\/06\/business-meeting-in-office-for-team-1-300x200.jpg 300w, https:\/\/gruposicctop.com\/wp-content\/uploads\/2021\/06\/business-meeting-in-office-for-team-1-768x512.jpg 768w, https:\/\/gruposicctop.com\/wp-content\/uploads\/2021\/06\/business-meeting-in-office-for-team-1-1536x1024.jpg 1536w, https:\/\/gruposicctop.com\/wp-content\/uploads\/2021\/06\/business-meeting-in-office-for-team-1-2048x1365.jpg 2048w\" sizes=\"auto, (max-width: 1024px) 100vw, 1024px\" \/><\/figure><div class=\"wp-block-media-text__content\">\n<p class=\"has-normal-font-size\">Nuestro equipo multidisciplinario de profesionales, cuenta con amplia experiencia y conocimientos, dando soporte y asesorando a nuestros clientes durante el dise\u00f1o en los diferentes niveles de ingenier\u00eda requeridos, bajo los est\u00e1ndares nacionales e internacionales.\u00a0<\/p>\n\n\n\n<p class=\"has-normal-font-size\">Contamos con una estructura \u00e1gil de trabajo para el desarrollo de soluciones eficientes ante las necesidades de los distintos proyectos, entendiendo que cada uno es \u00fanico y buscamos ofrecer un servicio a medida.<\/p>\n<\/div><\/div>\n\n\n\n<hr class=\"wp-block-separator has-text-color has-background has-vivid-cyan-blue-background-color has-vivid-cyan-blue-color is-style-wide\"\/>\n\n\n\n<p class=\"has-normal-font-size\"><strong>Nuestros alcances son los siguientes:<\/strong><\/p>\n\n\n\n<div class=\"wp-block-group\"><div class=\"wp-block-group__inner-container is-layout-flow wp-block-group-is-layout-flow\">\n<ul class=\"wp-block-list\"><li>Ingenier\u00eda b\u00e1sica y de detalle.<\/li><li>Estimaci\u00f3n de Capex y Opex.<\/li><li>Elaboraci\u00f3n de planos de ingenier\u00eda y construcci\u00f3n.<\/li><li>Elaboraci\u00f3n de cronogramas de construcci\u00f3n.<\/li><\/ul>\n<\/div><\/div>\n\n\n\n<p><\/p>\n","protected":false},"excerpt":{"rendered":"<p>Innovaci\u00f3n, desarrollo y mejoras. Nuestro equipo multidisciplinario de profesionales, cuenta con amplia experiencia y conocimientos, dando soporte y asesorando a nuestros clientes durante el dise\u00f1o en los diferentes niveles de ingenier\u00eda requeridos, bajo los est\u00e1ndares nacionales e internacionales.\u00a0 Contamos con una estructura \u00e1gil de trabajo para el desarrollo de soluciones eficientes ante las necesidades de &#8230; <a href=\"https:\/\/gruposicctop.com\/index.php\/ingenieria\/\" class=\"more-link\">Read More<span class=\"screen-reader-text\"> &#8220;Ingenier\u00eda &#038; Proyectos&#8221;<\/span> &raquo;<\/a><\/p>\n","protected":false},"author":1,"featured_media":0,"parent":0,"menu_order":0,"comment_status":"closed","ping_status":"closed","template":"","meta":{"_monsterinsights_skip_tracking":false,"_monsterinsights_sitenote_active":false,"_monsterinsights_sitenote_note":"","_monsterinsights_sitenote_category":0,"footnotes":""},"class_list":["post-81","page","type-page","status-publish","hentry"],"aioseo_notices":[],"_links":{"self":[{"href":"https:\/\/gruposicctop.com\/index.php\/wp-json\/wp\/v2\/pages\/81","targetHints":{"allow":["GET"]}}],"collection":[{"href":"https:\/\/gruposicctop.com\/index.php\/wp-json\/wp\/v2\/pages"}],"about":[{"href":"https:\/\/gruposicctop.com\/index.php\/wp-json\/wp\/v2\/types\/page"}],"author":[{"embeddable":true,"href":"https:\/\/gruposicctop.com\/index.php\/wp-json\/wp\/v2\/users\/1"}],"replies":[{"embeddable":true,"href":"https:\/\/gruposicctop.com\/index.php\/wp-json\/wp\/v2\/comments?post=81"}],"version-history":[{"count":4,"href":"https:\/\/gruposicctop.com\/index.php\/wp-json\/wp\/v2\/pages\/81\/revisions"}],"predecessor-version":[{"id":278,"href":"https:\/\/gruposicctop.com\/index.php\/wp-json\/wp\/v2\/pages\/81\/revisions\/278"}],"wp:attachment":[{"href":"https:\/\/gruposicctop.com\/index.php\/wp-json\/wp\/v2\/media?parent=81"}],"curies":[{"name":"wp","href":"https:\/\/api.w.org\/{rel}","templated":true}]}}