{"id":52,"date":"2021-06-15T22:44:09","date_gmt":"2021-06-15T22:44:09","guid":{"rendered":"https:\/\/gruposicctop.com\/?page_id=52"},"modified":"2021-06-25T21:40:14","modified_gmt":"2021-06-25T21:40:14","slug":"servicios","status":"publish","type":"page","link":"https:\/\/gruposicctop.com\/index.php\/servicios\/","title":{"rendered":"Servicios"},"content":{"rendered":"\n<figure class=\"wp-block-pullquote\" style=\"border-color:#0693e3\"><blockquote class=\"has-text-color\" style=\"color:#1951e1\"><p>Compromiso, respeto y confidencialidad, nuestros valores impl\u00edcitos en todos nuestros servicios. <\/p><\/blockquote><\/figure>\n\n\n\n<div class=\"wp-block-columns is-layout-flex wp-container-core-columns-is-layout-4 wp-block-columns-is-layout-flex\">\n<div class=\"wp-block-column is-vertically-aligned-center is-layout-flow wp-block-column-is-layout-flow\" style=\"flex-basis:100%\">\n<div class=\"wp-block-group\"><div class=\"wp-block-group__inner-container is-layout-flow wp-block-group-is-layout-flow\">\n<div class=\"wp-block-columns is-layout-flex wp-container-core-columns-is-layout-3 wp-block-columns-is-layout-flex\">\n<div class=\"wp-block-column is-vertically-aligned-top is-layout-flow wp-block-column-is-layout-flow\" style=\"flex-basis:100%\">\n<div class=\"wp-block-columns is-layout-flex wp-container-core-columns-is-layout-2 wp-block-columns-is-layout-flex\">\n<div class=\"wp-block-column is-vertically-aligned-center is-layout-flow wp-block-column-is-layout-flow\" style=\"flex-basis:100%\">\n<div class=\"wp-block-columns is-layout-flex wp-container-core-columns-is-layout-1 wp-block-columns-is-layout-flex\">\n<div class=\"wp-block-column is-layout-flow wp-block-column-is-layout-flow\" style=\"flex-basis:66.66%\">\n<figure class=\"wp-block-image size-large\"><img loading=\"lazy\" decoding=\"async\" width=\"1024\" height=\"605\" src=\"https:\/\/gruposicctop.com\/wp-content\/uploads\/2021\/06\/tech-meeting-flatlay-1-1024x605.jpg\" alt=\"\" class=\"wp-image-144\" srcset=\"https:\/\/gruposicctop.com\/wp-content\/uploads\/2021\/06\/tech-meeting-flatlay-1-1024x605.jpg 1024w, https:\/\/gruposicctop.com\/wp-content\/uploads\/2021\/06\/tech-meeting-flatlay-1-300x177.jpg 300w, https:\/\/gruposicctop.com\/wp-content\/uploads\/2021\/06\/tech-meeting-flatlay-1-768x454.jpg 768w, https:\/\/gruposicctop.com\/wp-content\/uploads\/2021\/06\/tech-meeting-flatlay-1-1536x907.jpg 1536w, https:\/\/gruposicctop.com\/wp-content\/uploads\/2021\/06\/tech-meeting-flatlay-1-2048x1210.jpg 2048w\" sizes=\"auto, (max-width: 1024px) 100vw, 1024px\" \/><\/figure>\n<\/div>\n\n\n\n<div class=\"wp-block-column is-layout-flow wp-block-column-is-layout-flow\" style=\"flex-basis:33.33%\">\n<h4 class=\"wp-block-heading\">Contamos con un gran equipo de profesionales formados en el \u00e1mbito minero, algunos con mas de 10 a\u00f1os de experiencia en el \u00e1mbito de proyectos. Entendemos el compromiso en el cumplimiento de los tiempos de contrato y tenemos la gesti\u00f3n de seguridad y calidad como premisa en cada uno de nuestros trabajos.<\/h4>\n<\/div>\n<\/div>\n<\/div>\n<\/div>\n<\/div>\n<\/div>\n<\/div><\/div>\n\n\n\n<h3 class=\"has-text-align-center wp-block-heading\">Para mayor detalles seleccione la secci\u00f3n de su inter\u00e9s<\/h3>\n<\/div>\n<\/div>\n\n\n\n<div class=\"wp-block-buttons is-layout-flex wp-block-buttons-is-layout-flex\">\n<div class=\"wp-block-button has-custom-width wp-block-button__width-100\" id=\"https:\/\/gruposicctop.com\/index.php\/ingenieria\"><a class=\"wp-block-button__link\" href=\"https:\/\/gruposicctop.com\/index.php\/ingenieria\/\" rel=\"noopener\">Ingenier\u00eda &amp; Proyectos<\/a><\/div>\n\n\n\n<div class=\"wp-block-button has-custom-width wp-block-button__width-100 is-style-fill\" id=\"https:\/\/gruposicctop.com\/index.php\/ingenieria\"><a class=\"wp-block-button__link\" href=\"https:\/\/gruposicctop.com\/index.php\/gestion\/\" rel=\"noopener\">Gesti\u00f3n &amp; Control<\/a><\/div>\n\n\n\n<div class=\"wp-block-button has-custom-width wp-block-button__width-100 is-style-fill\" id=\"https:\/\/gruposicctop.com\/index.php\/ingenieria\"><a class=\"wp-block-button__link\" href=\"https:\/\/gruposicctop.com\/index.php\/topografia\/\" rel=\"noopener\">Topograf\u00eda General<\/a><\/div>\n\n\n\n<div class=\"wp-block-button has-custom-width wp-block-button__width-100 is-style-fill\" id=\"https:\/\/gruposicctop.com\/index.php\/ingenieria\"><a class=\"wp-block-button__link\" href=\"https:\/\/gruposicctop.com\/index.php\/planificacion-minera\/\" rel=\"noopener\">Planificaci\u00f3n Minera<\/a><\/div>\n\n\n\n<div class=\"wp-block-button has-custom-width wp-block-button__width-100 is-style-fill\" id=\"https:\/\/gruposicctop.com\/index.php\/ingenieria\"><a class=\"wp-block-button__link\" href=\"https:\/\/gruposicctop.com\/index.php\/geologia-geomecanica\/\" rel=\"noopener\">Geolog\u00eda y Geomec\u00e1nica<\/a><\/div>\n<\/div>\n\n\n\n<p><\/p>\n","protected":false},"excerpt":{"rendered":"<p>Compromiso, respeto y confidencialidad, nuestros valores impl\u00edcitos en todos nuestros servicios. Contamos con un gran equipo de profesionales formados en el \u00e1mbito minero, algunos con mas de 10 a\u00f1os de experiencia en el \u00e1mbito de proyectos. Entendemos el compromiso en el cumplimiento de los tiempos de contrato y tenemos la gesti\u00f3n de seguridad y calidad &#8230; <a href=\"https:\/\/gruposicctop.com\/index.php\/servicios\/\" class=\"more-link\">Read More<span class=\"screen-reader-text\"> &#8220;Servicios&#8221;<\/span> &raquo;<\/a><\/p>\n","protected":false},"author":1,"featured_media":0,"parent":0,"menu_order":0,"comment_status":"closed","ping_status":"closed","template":"","meta":{"_monsterinsights_skip_tracking":false,"_monsterinsights_sitenote_active":false,"_monsterinsights_sitenote_note":"","_monsterinsights_sitenote_category":0,"footnotes":""},"class_list":["post-52","page","type-page","status-publish","hentry"],"aioseo_notices":[],"_links":{"self":[{"href":"https:\/\/gruposicctop.com\/index.php\/wp-json\/wp\/v2\/pages\/52","targetHints":{"allow":["GET"]}}],"collection":[{"href":"https:\/\/gruposicctop.com\/index.php\/wp-json\/wp\/v2\/pages"}],"about":[{"href":"https:\/\/gruposicctop.com\/index.php\/wp-json\/wp\/v2\/types\/page"}],"author":[{"embeddable":true,"href":"https:\/\/gruposicctop.com\/index.php\/wp-json\/wp\/v2\/users\/1"}],"replies":[{"embeddable":true,"href":"https:\/\/gruposicctop.com\/index.php\/wp-json\/wp\/v2\/comments?post=52"}],"version-history":[{"count":14,"href":"https:\/\/gruposicctop.com\/index.php\/wp-json\/wp\/v2\/pages\/52\/revisions"}],"predecessor-version":[{"id":232,"href":"https:\/\/gruposicctop.com\/index.php\/wp-json\/wp\/v2\/pages\/52\/revisions\/232"}],"wp:attachment":[{"href":"https:\/\/gruposicctop.com\/index.php\/wp-json\/wp\/v2\/media?parent=52"}],"curies":[{"name":"wp","href":"https:\/\/api.w.org\/{rel}","templated":true}]}}