{"id":319,"date":"2024-11-21T12:13:21","date_gmt":"2024-11-21T12:13:21","guid":{"rendered":"https:\/\/gruposicctop.com\/?page_id=319"},"modified":"2024-11-21T12:39:00","modified_gmt":"2024-11-21T12:39:00","slug":"capacitaciones-asesoramiento","status":"publish","type":"page","link":"https:\/\/gruposicctop.com\/index.php\/capacitaciones-asesoramiento\/","title":{"rendered":"Capacitaciones &#038; Asesoramiento"},"content":{"rendered":"\n<figure class=\"wp-block-image size-large\"><img loading=\"lazy\" decoding=\"async\" width=\"1024\" height=\"566\" src=\"https:\/\/gruposicctop.com\/wp-content\/uploads\/2024\/11\/Imagen-Capacitaciones-1-1024x566.png\" alt=\"\" class=\"wp-image-323\" srcset=\"https:\/\/gruposicctop.com\/wp-content\/uploads\/2024\/11\/Imagen-Capacitaciones-1-1024x566.png 1024w, https:\/\/gruposicctop.com\/wp-content\/uploads\/2024\/11\/Imagen-Capacitaciones-1-300x166.png 300w, https:\/\/gruposicctop.com\/wp-content\/uploads\/2024\/11\/Imagen-Capacitaciones-1-768x425.png 768w, https:\/\/gruposicctop.com\/wp-content\/uploads\/2024\/11\/Imagen-Capacitaciones-1.png 1298w\" sizes=\"auto, (max-width: 1024px) 100vw, 1024px\" \/><\/figure>\n\n\n\n<h2 class=\"wp-block-heading\">Capacitaci\u00f3n y Cursos<\/h2>\n\n\n\n<p>En nuestra empresa, estamos comprometidos con el desarrollo profesional y personal a trav\u00e9s de nuestras capacitaciones y cursos especializados. Ofrecemos una amplia gama de programas dise\u00f1ados para cubrir las necesidades espec\u00edficas de individuos y empresas, asegurando el m\u00e1ximo aprovechamiento del aprendizaje.<\/p>\n\n\n\n<p><strong>Nuestros Servicios Incluyen:<\/strong><\/p>\n\n\n\n<ul class=\"wp-block-list\">\n<li><strong>Capacitaciones Personalizadas<\/strong>: Adaptamos nuestros programas de formaci\u00f3n para que se ajusten a tus objetivos y necesidades espec\u00edficas. Nuestros expertos est\u00e1n preparados para ofrecer soluciones a medida que impulsar\u00e1n tu crecimiento y el de tu equipo.<\/li>\n\n\n\n<li><strong>Cursos Especializados<\/strong>: Disponemos de una variedad de cursos en \u00e1reas clave como [a\u00f1ade las \u00e1reas espec\u00edficas: gesti\u00f3n de proyectos, liderazgo, desarrollo de software, etc.], dise\u00f1ados para proporcionar conocimientos pr\u00e1cticos y actualizados.<\/li>\n\n\n\n<li><strong>Asesor\u00edas Personalizadas<\/strong>: M\u00e1s all\u00e1 de la capacitaci\u00f3n, ofrecemos asesor\u00edas para garantizar que los conocimientos adquiridos se implementen de manera efectiva en tu entorno laboral. Nuestros consultores te guiar\u00e1n paso a paso para asegurar el \u00e9xito de tu proyecto o iniciativa.<\/li>\n<\/ul>\n\n\n\n<h3 class=\"wp-block-heading\">Nuestro Enfoque Especializado<\/h3>\n\n\n\n<p>Nuestro fuerte es nuestra vasta experiencia trabajando en el sector de la miner\u00eda. Esto nos permite ofrecer capacitaciones con un enfoque distinto y altamente especializado. Entendemos los desaf\u00edos \u00fanicos de esta industria y dise\u00f1amos nuestros programas para abordar espec\u00edficamente las necesidades y exigencias del sector minero, asegurando que nuestros clientes reciban formaci\u00f3n relevante y aplicable.<\/p>\n\n\n\n<p><strong>\u00bfPor Qu\u00e9 Elegirnos?<\/strong><\/p>\n\n\n\n<p><strong>Resultados Comprobados<\/strong>: Nuestros clientes avalan la eficacia de nuestras capacitaciones y asesor\u00edas, con testimonios que reflejan un impacto positivo<\/p>\n\n\n\n<p><strong>Experiencia y Profesionalismo<\/strong>: Nuestro equipo est\u00e1 compuesto por profesionales con amplia experiencia en sus respectivos campos.<\/p>\n\n\n\n<p><strong>Metodolog\u00edas Innovadoras<\/strong>: Empleamos t\u00e9cnicas de ense\u00f1anza modernas y efectivas para garantizar un aprendizaje interactivo y significativo.<\/p>\n\n\n\n<ul class=\"wp-block-list\"><\/ul>\n\n\n\n<p><strong>Nuestros Cursos Principales:<\/strong><\/p>\n\n\n\n<ul class=\"wp-block-list\">\n<li><strong>Nociones Generales sobre Leach Pad <\/strong>&#8211; Orientado a publico en general.<\/li>\n\n\n\n<li><strong>Control y Gesti\u00f3n de Leach Pad <\/strong>&#8211; Orientado a Supervisi\u00f3n \/ Gerenciamiento de Leach Pad en construcci\u00f3n o proyecto.<\/li>\n\n\n\n<li><strong>Desarrollo de Empresas para brindar Servicios a Miner\u00eda<\/strong> &#8211; Dirigido a empresas o emprendedores que quieren ofrecer sus servicios a la industria minera en manera eficiente y sin perder ganancias al no conocer los est\u00e1ndares de miner\u00eda.<\/li>\n\n\n\n<li><strong>La topograf\u00eda como Pilar Fundamental en la Gesti\u00f3n de Proyectos<\/strong> &#8211; Dirigido a Profesionales que tienen a su cargo grandes movimientos de suelo, Ingenieros, Estudiantes avanzados y todo aquel que quiero profesionalizar aun mas su trabajo y an\u00e1lisis de gesti\u00f3n de estas obras.<\/li>\n<\/ul>\n\n\n\n<p><\/p>\n","protected":false},"excerpt":{"rendered":"<p>Capacitaci\u00f3n y Cursos En nuestra empresa, estamos comprometidos con el desarrollo profesional y personal a trav\u00e9s de nuestras capacitaciones y cursos especializados. Ofrecemos una amplia gama de programas dise\u00f1ados para cubrir las necesidades espec\u00edficas de individuos y empresas, asegurando el m\u00e1ximo aprovechamiento del aprendizaje. Nuestros Servicios Incluyen: Nuestro Enfoque Especializado Nuestro fuerte es nuestra vasta &#8230; <a href=\"https:\/\/gruposicctop.com\/index.php\/capacitaciones-asesoramiento\/\" class=\"more-link\">Read More<span class=\"screen-reader-text\"> &#8220;Capacitaciones &#038; Asesoramiento&#8221;<\/span> &raquo;<\/a><\/p>\n","protected":false},"author":1,"featured_media":0,"parent":0,"menu_order":0,"comment_status":"closed","ping_status":"closed","template":"","meta":{"_monsterinsights_skip_tracking":false,"_monsterinsights_sitenote_active":false,"_monsterinsights_sitenote_note":"","_monsterinsights_sitenote_category":0,"footnotes":""},"class_list":["post-319","page","type-page","status-publish","hentry"],"aioseo_notices":[],"_links":{"self":[{"href":"https:\/\/gruposicctop.com\/index.php\/wp-json\/wp\/v2\/pages\/319","targetHints":{"allow":["GET"]}}],"collection":[{"href":"https:\/\/gruposicctop.com\/index.php\/wp-json\/wp\/v2\/pages"}],"about":[{"href":"https:\/\/gruposicctop.com\/index.php\/wp-json\/wp\/v2\/types\/page"}],"author":[{"embeddable":true,"href":"https:\/\/gruposicctop.com\/index.php\/wp-json\/wp\/v2\/users\/1"}],"replies":[{"embeddable":true,"href":"https:\/\/gruposicctop.com\/index.php\/wp-json\/wp\/v2\/comments?post=319"}],"version-history":[{"count":3,"href":"https:\/\/gruposicctop.com\/index.php\/wp-json\/wp\/v2\/pages\/319\/revisions"}],"predecessor-version":[{"id":328,"href":"https:\/\/gruposicctop.com\/index.php\/wp-json\/wp\/v2\/pages\/319\/revisions\/328"}],"wp:attachment":[{"href":"https:\/\/gruposicctop.com\/index.php\/wp-json\/wp\/v2\/media?parent=319"}],"curies":[{"name":"wp","href":"https:\/\/api.w.org\/{rel}","templated":true}]}}