{"id":226,"date":"2021-06-25T21:05:46","date_gmt":"2021-06-25T21:05:46","guid":{"rendered":"https:\/\/gruposicctop.com\/?page_id=226"},"modified":"2021-07-10T14:57:03","modified_gmt":"2021-07-10T14:57:03","slug":"geologia-geomecanica","status":"publish","type":"page","link":"https:\/\/gruposicctop.com\/index.php\/geologia-geomecanica\/","title":{"rendered":"Geologia &#038; Geomec\u00e1nica"},"content":{"rendered":"\n<div class=\"wp-block-media-text is-stacked-on-mobile is-vertically-aligned-top is-image-fill\" style=\"grid-template-columns:53% auto\"><figure class=\"wp-block-media-text__media\" style=\"background-image:url(https:\/\/gruposicctop.com\/wp-content\/uploads\/2021\/06\/74274014.jpg);background-position:50% 50%\"><img loading=\"lazy\" decoding=\"async\" width=\"1024\" height=\"683\" src=\"https:\/\/gruposicctop.com\/wp-content\/uploads\/2021\/06\/74274014.jpg\" alt=\"\" class=\"wp-image-240 size-full\" srcset=\"https:\/\/gruposicctop.com\/wp-content\/uploads\/2021\/06\/74274014.jpg 1024w, https:\/\/gruposicctop.com\/wp-content\/uploads\/2021\/06\/74274014-300x200.jpg 300w, https:\/\/gruposicctop.com\/wp-content\/uploads\/2021\/06\/74274014-768x512.jpg 768w\" sizes=\"auto, (max-width: 1024px) 100vw, 1024px\" \/><\/figure><div class=\"wp-block-media-text__content\">\n<div class=\"wp-block-group\"><div class=\"wp-block-group__inner-container is-layout-flow wp-block-group-is-layout-flow\">\n<p>En el conjunto de tareas importantes a desarrollar en un proyecto, tanto la exploraci\u00f3n como analizar y comprender el comportamiento mec\u00e1nico de las rocas y los macizos rocosos es fundamental para realizar un desarrollo exitoso y sobre todo una operaci\u00f3n segura de las minas.<\/p>\n\n\n\n<p>En nuestro equipo contamos con profesionales comprometidos, con amplia experiencia para estas tareas, con t\u00edtulos habilitantes.<\/p>\n<\/div><\/div>\n<\/div><\/div>\n\n\n\n<hr class=\"wp-block-separator has-text-color has-background has-vivid-cyan-blue-background-color has-vivid-cyan-blue-color is-style-wide\"\/>\n\n\n\n<h4 class=\"wp-block-heading\">Nuestros alcances son los siguientes:<\/h4>\n\n\n\n<p><strong>CARTOGRAFIADO GEOL\u00d3GICO-GEOT\u00c9CNICO<\/strong><\/p>\n\n\n\n<ul class=\"wp-block-list\"><li>Mapeo geol\u00f3gico.<\/li><li>Mapeo de alteraciones.<\/li><li>Mapeo geol\u00f3gico-geot\u00e9cnico.<\/li><li>Mapeo estructural (discontinuidades).<\/li><li>Mapeo de canteras.<\/li><\/ul>\n\n\n\n<p><strong>DISE\u00d1O GEOMEC\u00c1NICO DE TALUDES EN OPERACIONES MINERAS<\/strong><\/p>\n\n\n\n<div class=\"wp-block-group\"><div class=\"wp-block-group__inner-container is-layout-flow wp-block-group-is-layout-flow\">\n<ul class=\"wp-block-list\"><li>Modelamiento geot\u00e9cnico del macizo rocoso a partir del modelo geol\u00f3gico, estructural e hidrogeol\u00f3gico.<\/li><li>Caracterizaci\u00f3n geomec\u00e1nica Evaluaci\u00f3n estructural.<\/li><li>An\u00e1lisis de estabilidad para estructuras y macizo rocoso.<\/li><li>Evaluaci\u00f3n de da\u00f1o por efectos de voladura.<\/li><li>Dise\u00f1o geomec\u00e1nico de t\u00faneles.<\/li><li>Dise\u00f1o y especificaciones t\u00e9cnicas de sostenimiento para t\u00faneles y obras subterr\u00e1neas.<\/li><li>Determinaci\u00f3n de modelo geomec\u00e1nico bajo condiciones de estados tensionales en labores subterr\u00e1neas profundas.<\/li><li>Aplicaci\u00f3n de los resultados del modelo para la excavabilidad y voladura.<\/li><\/ul>\n\n\n\n<hr class=\"wp-block-separator has-text-color has-background has-vivid-cyan-blue-background-color has-vivid-cyan-blue-color is-style-wide\"\/>\n\n\n\n<p><\/p>\n<\/div><\/div>\n","protected":false},"excerpt":{"rendered":"<p>Nuestros alcances son los siguientes: CARTOGRAFIADO GEOL\u00d3GICO-GEOT\u00c9CNICO Mapeo geol\u00f3gico. Mapeo de alteraciones. Mapeo geol\u00f3gico-geot\u00e9cnico. Mapeo estructural (discontinuidades). Mapeo de canteras. DISE\u00d1O GEOMEC\u00c1NICO DE TALUDES EN OPERACIONES MINERAS Modelamiento geot\u00e9cnico del macizo rocoso a partir del modelo geol\u00f3gico, estructural e hidrogeol\u00f3gico. Caracterizaci\u00f3n geomec\u00e1nica Evaluaci\u00f3n estructural. An\u00e1lisis de estabilidad para estructuras y macizo rocoso. Evaluaci\u00f3n de da\u00f1o &#8230; <a href=\"https:\/\/gruposicctop.com\/index.php\/geologia-geomecanica\/\" class=\"more-link\">Read More<span class=\"screen-reader-text\"> &#8220;Geologia &#038; Geomec\u00e1nica&#8221;<\/span> &raquo;<\/a><\/p>\n","protected":false},"author":1,"featured_media":0,"parent":0,"menu_order":0,"comment_status":"closed","ping_status":"closed","template":"","meta":{"_monsterinsights_skip_tracking":false,"_monsterinsights_sitenote_active":false,"_monsterinsights_sitenote_note":"","_monsterinsights_sitenote_category":0,"footnotes":""},"class_list":["post-226","page","type-page","status-publish","hentry"],"aioseo_notices":[],"_links":{"self":[{"href":"https:\/\/gruposicctop.com\/index.php\/wp-json\/wp\/v2\/pages\/226","targetHints":{"allow":["GET"]}}],"collection":[{"href":"https:\/\/gruposicctop.com\/index.php\/wp-json\/wp\/v2\/pages"}],"about":[{"href":"https:\/\/gruposicctop.com\/index.php\/wp-json\/wp\/v2\/types\/page"}],"author":[{"embeddable":true,"href":"https:\/\/gruposicctop.com\/index.php\/wp-json\/wp\/v2\/users\/1"}],"replies":[{"embeddable":true,"href":"https:\/\/gruposicctop.com\/index.php\/wp-json\/wp\/v2\/comments?post=226"}],"version-history":[{"count":9,"href":"https:\/\/gruposicctop.com\/index.php\/wp-json\/wp\/v2\/pages\/226\/revisions"}],"predecessor-version":[{"id":298,"href":"https:\/\/gruposicctop.com\/index.php\/wp-json\/wp\/v2\/pages\/226\/revisions\/298"}],"wp:attachment":[{"href":"https:\/\/gruposicctop.com\/index.php\/wp-json\/wp\/v2\/media?parent=226"}],"curies":[{"name":"wp","href":"https:\/\/api.w.org\/{rel}","templated":true}]}}