{"id":215,"date":"2021-06-25T20:47:42","date_gmt":"2021-06-25T20:47:42","guid":{"rendered":"https:\/\/gruposicctop.com\/?page_id=215"},"modified":"2021-07-10T14:54:18","modified_gmt":"2021-07-10T14:54:18","slug":"planificacion-minera","status":"publish","type":"page","link":"https:\/\/gruposicctop.com\/index.php\/planificacion-minera\/","title":{"rendered":"Planificaci\u00f3n Minera"},"content":{"rendered":"\n<div class=\"wp-block-columns is-layout-flex wp-container-core-columns-is-layout-1 wp-block-columns-is-layout-flex\">\n<div class=\"wp-block-column is-layout-flow wp-block-column-is-layout-flow\">\n<figure class=\"wp-block-image size-full\"><img loading=\"lazy\" decoding=\"async\" width=\"637\" height=\"657\" src=\"https:\/\/gruposicctop.com\/wp-content\/uploads\/2021\/06\/566.jpg\" alt=\"\" class=\"wp-image-256\" srcset=\"https:\/\/gruposicctop.com\/wp-content\/uploads\/2021\/06\/566.jpg 637w, https:\/\/gruposicctop.com\/wp-content\/uploads\/2021\/06\/566-291x300.jpg 291w\" sizes=\"auto, (max-width: 637px) 100vw, 637px\" \/><\/figure>\n<\/div>\n\n\n\n<div class=\"wp-block-column is-layout-flow wp-block-column-is-layout-flow\">\n<p>Comprendemos que la planificaci\u00f3n minera es la mejor herramienta que permite definir qu\u00e9 porci\u00f3n del yacimiento ser\u00e1 extra\u00eddo, adem\u00e1s del c\u00f3mo y cu\u00e1ndo ser\u00e1 procesado, adem\u00e1s una buena estrategia permite definir la envolvente econ\u00f3mica, determinaci\u00f3n del m\u00e9todo de explotaci\u00f3n, dise\u00f1o operacional, secuencia de explotaci\u00f3n logrando determinar las reservas mineras y el beneficio econ\u00f3mico del proyecto. <\/p>\n\n\n\n<p>Para\u00a0el proceso de dise\u00f1o y secuenciamiento de la mina, contamos con un equipo multidisciplinario, entre ellos, ingenier\u00eda, geolog\u00eda, geomec\u00e1nica y la topograf\u00eda que juega un rol importante, al momento de realizar dise\u00f1os y planes mineros.<\/p>\n<\/div>\n<\/div>\n\n\n\n<hr class=\"wp-block-separator has-text-color has-background has-vivid-cyan-blue-background-color has-vivid-cyan-blue-color is-style-wide\"\/>\n\n\n\n<h3 class=\"wp-block-heading\">Nuestros alcances para planes mineros a cielo abierto o subterr\u00e1neo son:<\/h3>\n\n\n\n<p><strong>Planes Corto Plazo:<\/strong><\/p>\n\n\n\n<ul class=\"wp-block-list\"><li>Secuencias de explotaci\u00f3n.<\/li><li>Optimizaci\u00f3n de flota.<\/li><li>Dise\u00f1os de perforaci\u00f3n.<\/li><li>Dise\u00f1o y secuenciamiento de voladuras.<\/li><li>Planificaci\u00f3n de servicios auxiliares.<\/li><\/ul>\n\n\n\n<hr class=\"wp-block-separator has-text-color has-background has-vivid-cyan-blue-background-color has-vivid-cyan-blue-color is-style-wide\"\/>\n\n\n\n<p><\/p>\n","protected":false},"excerpt":{"rendered":"<p>Comprendemos que la planificaci\u00f3n minera es la mejor herramienta que permite definir qu\u00e9 porci\u00f3n del yacimiento ser\u00e1 extra\u00eddo, adem\u00e1s del c\u00f3mo y cu\u00e1ndo ser\u00e1 procesado, adem\u00e1s una buena estrategia permite definir la envolvente econ\u00f3mica, determinaci\u00f3n del m\u00e9todo de explotaci\u00f3n, dise\u00f1o operacional, secuencia de explotaci\u00f3n logrando determinar las reservas mineras y el beneficio econ\u00f3mico del proyecto. &#8230; <a href=\"https:\/\/gruposicctop.com\/index.php\/planificacion-minera\/\" class=\"more-link\">Read More<span class=\"screen-reader-text\"> &#8220;Planificaci\u00f3n Minera&#8221;<\/span> &raquo;<\/a><\/p>\n","protected":false},"author":1,"featured_media":0,"parent":0,"menu_order":0,"comment_status":"closed","ping_status":"closed","template":"","meta":{"_monsterinsights_skip_tracking":false,"_monsterinsights_sitenote_active":false,"_monsterinsights_sitenote_note":"","_monsterinsights_sitenote_category":0,"footnotes":""},"class_list":["post-215","page","type-page","status-publish","hentry"],"aioseo_notices":[],"_links":{"self":[{"href":"https:\/\/gruposicctop.com\/index.php\/wp-json\/wp\/v2\/pages\/215","targetHints":{"allow":["GET"]}}],"collection":[{"href":"https:\/\/gruposicctop.com\/index.php\/wp-json\/wp\/v2\/pages"}],"about":[{"href":"https:\/\/gruposicctop.com\/index.php\/wp-json\/wp\/v2\/types\/page"}],"author":[{"embeddable":true,"href":"https:\/\/gruposicctop.com\/index.php\/wp-json\/wp\/v2\/users\/1"}],"replies":[{"embeddable":true,"href":"https:\/\/gruposicctop.com\/index.php\/wp-json\/wp\/v2\/comments?post=215"}],"version-history":[{"count":9,"href":"https:\/\/gruposicctop.com\/index.php\/wp-json\/wp\/v2\/pages\/215\/revisions"}],"predecessor-version":[{"id":297,"href":"https:\/\/gruposicctop.com\/index.php\/wp-json\/wp\/v2\/pages\/215\/revisions\/297"}],"wp:attachment":[{"href":"https:\/\/gruposicctop.com\/index.php\/wp-json\/wp\/v2\/media?parent=215"}],"curies":[{"name":"wp","href":"https:\/\/api.w.org\/{rel}","templated":true}]}}