{"id":13,"date":"2021-06-12T14:40:17","date_gmt":"2021-06-12T14:40:17","guid":{"rendered":"https:\/\/gruposicctop.com\/?page_id=13"},"modified":"2021-06-26T14:31:45","modified_gmt":"2021-06-26T14:31:45","slug":"quienes-somos","status":"publish","type":"page","link":"https:\/\/gruposicctop.com\/index.php\/quienes-somos\/","title":{"rendered":"Quienes Somos"},"content":{"rendered":"\n<div class=\"wp-block-columns is-layout-flex wp-container-core-columns-is-layout-1 wp-block-columns-is-layout-flex\">\n<div class=\"wp-block-column is-layout-flow wp-block-column-is-layout-flow\" style=\"flex-basis:50%\">\n<figure class=\"wp-block-image size-full is-resized\"><img loading=\"lazy\" decoding=\"async\" src=\"https:\/\/gruposicctop.com\/wp-content\/uploads\/2021\/06\/cropped-cropped-publicidad-11-scaled-3.jpg\" alt=\"\" class=\"wp-image-188\" width=\"401\" height=\"215\" srcset=\"https:\/\/gruposicctop.com\/wp-content\/uploads\/2021\/06\/cropped-cropped-publicidad-11-scaled-3.jpg 556w, https:\/\/gruposicctop.com\/wp-content\/uploads\/2021\/06\/cropped-cropped-publicidad-11-scaled-3-300x161.jpg 300w\" sizes=\"auto, (max-width: 401px) 100vw, 401px\" \/><\/figure>\n<\/div>\n\n\n\n<div class=\"wp-block-column is-vertically-aligned-center is-layout-flow wp-block-column-is-layout-flow\" style=\"flex-basis:50%\">\n<p class=\"has-text-align-left\">Grupo SiccTop SRL es una empresa joven de San Juan creada con el fin de brindar diversos servicios de Ingenier\u00eda siendo nuestra principal ventaja\u00a0la implementaci\u00f3n\u00a0del\u00a0concepto de calidad total en todos nuestros trabajos. Somos un grupo multidisciplinario que buscamos ofrecer un servicio a la medida de nuestros socios clientes.<\/p>\n<\/div>\n<\/div>\n\n\n\n<p class=\"has-text-align-left\">Nuestros Principales clientes se encuadran en el \u00e1mbito Minero, la construcci\u00f3n y en Proyectos de Ingenier\u00eda que incluyen grandes, medianos y peque\u00f1os movimiento de suelo.<\/p>\n\n\n\n<p class=\"has-text-align-left\">Contamos&nbsp;con personal calificado con m\u00e1s de 10 a\u00f1os de experiencia en el \u00e1mbito de los proyectos y miner\u00eda e&nbsp;incorporamos&nbsp;tecnolog\u00edas y metodolog\u00edas de Vanguardia.<\/p>\n\n\n\n<h4 class=\"has-text-align-center wp-block-heading\">MISI\u00d3N<\/h4>\n\n\n\n<p>Ser un referente provincial en Servicios de Ingenieria y Topografia, ofreciendo un servicio integral aplicando el concepto de calidad total para brindar un servicio de excelencia a nuestros clientes.<\/p>\n\n\n\n<h4 class=\"has-text-align-center wp-block-heading\">VISI\u00d3N<\/h4>\n\n\n\n<p>Establecernos como l\u00edderes en el segmento de Ingenier\u00eda y control en el mercado, implementando un Sistema Integral de Control capaz de adaptarse a las distintas necesidades de nuestros clientes<\/p>\n","protected":false},"excerpt":{"rendered":"<p>Grupo SiccTop SRL es una empresa joven de San Juan creada con el fin de brindar diversos servicios de Ingenier\u00eda siendo nuestra principal ventaja\u00a0la implementaci\u00f3n\u00a0del\u00a0concepto de calidad total en todos nuestros trabajos. Somos un grupo multidisciplinario que buscamos ofrecer un servicio a la medida de nuestros socios clientes. Nuestros Principales clientes se encuadran en el &#8230; <a href=\"https:\/\/gruposicctop.com\/index.php\/quienes-somos\/\" class=\"more-link\">Read More<span class=\"screen-reader-text\"> &#8220;Quienes Somos&#8221;<\/span> &raquo;<\/a><\/p>\n","protected":false},"author":1,"featured_media":0,"parent":0,"menu_order":0,"comment_status":"closed","ping_status":"closed","template":"","meta":{"_monsterinsights_skip_tracking":false,"_monsterinsights_sitenote_active":false,"_monsterinsights_sitenote_note":"","_monsterinsights_sitenote_category":0,"footnotes":""},"class_list":["post-13","page","type-page","status-publish","hentry"],"aioseo_notices":[],"_links":{"self":[{"href":"https:\/\/gruposicctop.com\/index.php\/wp-json\/wp\/v2\/pages\/13","targetHints":{"allow":["GET"]}}],"collection":[{"href":"https:\/\/gruposicctop.com\/index.php\/wp-json\/wp\/v2\/pages"}],"about":[{"href":"https:\/\/gruposicctop.com\/index.php\/wp-json\/wp\/v2\/types\/page"}],"author":[{"embeddable":true,"href":"https:\/\/gruposicctop.com\/index.php\/wp-json\/wp\/v2\/users\/1"}],"replies":[{"embeddable":true,"href":"https:\/\/gruposicctop.com\/index.php\/wp-json\/wp\/v2\/comments?post=13"}],"version-history":[{"count":6,"href":"https:\/\/gruposicctop.com\/index.php\/wp-json\/wp\/v2\/pages\/13\/revisions"}],"predecessor-version":[{"id":287,"href":"https:\/\/gruposicctop.com\/index.php\/wp-json\/wp\/v2\/pages\/13\/revisions\/287"}],"wp:attachment":[{"href":"https:\/\/gruposicctop.com\/index.php\/wp-json\/wp\/v2\/media?parent=13"}],"curies":[{"name":"wp","href":"https:\/\/api.w.org\/{rel}","templated":true}]}}